{"id":955,"date":"2024-09-03T00:17:39","date_gmt":"2024-09-02T22:17:39","guid":{"rendered":"https:\/\/www.japonaisamontpellier.fr\/?page_id=955"},"modified":"2025-09-01T16:40:38","modified_gmt":"2025-09-01T14:40:38","slug":"adherer","status":"publish","type":"page","link":"https:\/\/www.japonaisamontpellier.fr\/index.php\/adherer\/","title":{"rendered":"ADH\u00c9RER"},"content":{"rendered":"\t\t<div data-elementor-type=\"wp-page\" data-elementor-id=\"955\" class=\"elementor elementor-955\" data-elementor-post-type=\"page\">\n\t\t\t\t<div class=\"elementor-element elementor-element-cc8b1ec e-flex e-con-boxed e-con e-parent\" data-id=\"cc8b1ec\" data-element_type=\"container\">\n\t\t\t\t\t<div class=\"e-con-inner\">\n\t\t<div class=\"elementor-element elementor-element-bd67899 e-con-full e-flex e-con e-child\" data-id=\"bd67899\" data-element_type=\"container\">\n\t\t\t\t<div class=\"elementor-element elementor-element-5b58ec8 elementor-widget elementor-widget-heading\" data-id=\"5b58ec8\" data-element_type=\"widget\" data-widget_type=\"heading.default\">\n\t\t\t\t<div class=\"elementor-widget-container\">\n\t\t\t\t\t<h1 class=\"elementor-heading-title elementor-size-default\">Adh\u00e9rer \u00e0 notre association<\/h1>\t\t\t\t<\/div>\n\t\t\t\t<\/div>\n\t\t\t\t<\/div>\n\t\t\t\t\t<\/div>\n\t\t\t\t<\/div>\n\t\t<div class=\"elementor-element elementor-element-aafe497 e-flex e-con-boxed e-con e-parent\" data-id=\"aafe497\" data-element_type=\"container\" data-settings=\"{&quot;background_background&quot;:&quot;classic&quot;}\">\n\t\t\t\t\t<div class=\"e-con-inner\">\n\t\t<div class=\"elementor-element elementor-element-5cf1921 e-con-full e-flex e-con e-child\" data-id=\"5cf1921\" data-element_type=\"container\">\n\t\t\t\t<div class=\"elementor-element elementor-element-6bbe5e2 elementor-widget elementor-widget-heading\" data-id=\"6bbe5e2\" data-element_type=\"widget\" data-widget_type=\"heading.default\">\n\t\t\t\t<div class=\"elementor-widget-container\">\n\t\t\t\t\t<h2 class=\"elementor-heading-title elementor-size-default\">Pourquoi adh\u00e9rer ?<\/h2>\t\t\t\t<\/div>\n\t\t\t\t<\/div>\n\t\t\t\t<\/div>\n\t\t<div class=\"elementor-element elementor-element-1d95b2f e-con-full e-flex e-con e-child\" data-id=\"1d95b2f\" data-element_type=\"container\">\n\t\t<div class=\"elementor-element elementor-element-24fe86d e-con-full e-flex e-con e-child\" data-id=\"24fe86d\" data-element_type=\"container\">\n\t\t\t\t<div class=\"elementor-element elementor-element-151c50a elementor-widget elementor-widget-image\" data-id=\"151c50a\" data-element_type=\"widget\" data-widget_type=\"image.default\">\n\t\t\t\t<div class=\"elementor-widget-container\">\n\t\t\t\t\t\t\t\t\t\t\t\t\t\t\t<img fetchpriority=\"high\" decoding=\"async\" width=\"800\" height=\"591\" src=\"https:\/\/www.japonaisamontpellier.fr\/wp-content\/uploads\/2024\/09\/rencontre-asso.jpg\" class=\"attachment-large size-large wp-image-2370\" alt=\"rencontre association\" srcset=\"https:\/\/www.japonaisamontpellier.fr\/wp-content\/uploads\/2024\/09\/rencontre-asso.jpg 1024w, https:\/\/www.japonaisamontpellier.fr\/wp-content\/uploads\/2024\/09\/rencontre-asso-300x222.jpg 300w, https:\/\/www.japonaisamontpellier.fr\/wp-content\/uploads\/2024\/09\/rencontre-asso-768x568.jpg 768w\" sizes=\"(max-width: 800px) 100vw, 800px\" \/>\t\t\t\t\t\t\t\t\t\t\t\t\t\t\t<\/div>\n\t\t\t\t<\/div>\n\t\t\t\t<\/div>\n\t\t<div class=\"elementor-element elementor-element-1aa08ee e-con-full e-flex e-con e-child\" data-id=\"1aa08ee\" data-element_type=\"container\">\n\t\t\t\t<div class=\"elementor-element elementor-element-8dbe5d3 elementor-widget elementor-widget-text-editor\" data-id=\"8dbe5d3\" data-element_type=\"widget\" data-widget_type=\"text-editor.default\">\n\t\t\t\t<div class=\"elementor-widget-container\">\n\t\t\t\t\t\t\t\t\t<p><span style=\"font-weight: 400;\">Adh\u00e9rer \u00e0 notre association vous permet d&rsquo;acc\u00e9der aux <strong>groupes de discussion Whatsapp et\/ou LINE<\/strong> de notre communaut\u00e9 et participer aux <strong>\u00e9v\u00e9nements r\u00e9serv\u00e9s aux adh\u00e9rents<\/strong>\u00a0: <\/span><\/p><ul><li><span style=\"font-weight: 400;\">le <a href=\"https:\/\/www.japonaisamontpellier.fr\/index.php\/2024\/09\/03\/le-salon-de-discussion-japonais\/\">salon de discussion en japonais<\/a>, un atelier mensuel pour pratiquer la conversation en japonais\u00a0<\/span><\/li><li>des meet-ups avec la communaut\u00e9<\/li><li>des ateliers divers et \u00e9v\u00e9nements th\u00e9matiques et culturels \u00e0 venir<\/li><\/ul><p>Mais surtout, votre adh\u00e9sion permet de <strong>soutenir les activit\u00e9s de notre association<\/strong>. Elle permet de financer nos frais d&rsquo;assurance, communication, maintien du site web, frais bancaires et achat de mat\u00e9riel pour nos \u00e9v\u00e9nements.<\/p><p><span style=\"font-weight: 400;\">Votre adh\u00e9sion est <strong>essentielle<\/strong> pour nous permettre de continuer \u00e0 organiser des \u00e9v\u00e9nements, animer la communaut\u00e9, et diffuser du contenu de qualit\u00e9 pour nos communaut\u00e9s. Merci de votre soutien \ud83d\ude4f<\/span><\/p>\t\t\t\t\t\t\t\t<\/div>\n\t\t\t\t<\/div>\n\t\t\t\t<\/div>\n\t\t\t\t<\/div>\n\t\t\t\t\t<\/div>\n\t\t\t\t<\/div>\n\t\t<div class=\"elementor-element elementor-element-810e717 e-flex e-con-boxed e-con e-parent\" data-id=\"810e717\" data-element_type=\"container\">\n\t\t\t\t\t<div class=\"e-con-inner\">\n\t\t<div class=\"elementor-element elementor-element-bd26394 e-con-full e-flex e-con e-child\" data-id=\"bd26394\" data-element_type=\"container\">\n\t\t\t\t<div class=\"elementor-element elementor-element-a727026 elementor-widget elementor-widget-heading\" data-id=\"a727026\" data-element_type=\"widget\" data-widget_type=\"heading.default\">\n\t\t\t\t<div class=\"elementor-widget-container\">\n\t\t\t\t\t<h2 class=\"elementor-heading-title elementor-size-default\">Modalit\u00e9s d'adh\u00e9sion<\/h2>\t\t\t\t<\/div>\n\t\t\t\t<\/div>\n\t\t\t\t<div class=\"elementor-element elementor-element-ce04210 elementor-widget elementor-widget-text-editor\" data-id=\"ce04210\" data-element_type=\"widget\" data-widget_type=\"text-editor.default\">\n\t\t\t\t<div class=\"elementor-widget-container\">\n\t\t\t\t\t\t\t\t\t<p><span style=\"font-weight: 400;\">L\u2019adh\u00e9sion est annuelle et valable du 1<\/span><span style=\"font-weight: 400;\">er<\/span><span style=\"font-weight: 400;\"> septembre au 31 ao\u00fbt de l\u2019ann\u00e9e suivante.\u00a0<\/span><\/p><p><span style=\"font-weight: 400;\">Le montant des frais d\u2019adh\u00e9sion est le suivant :\u00a0<\/span><\/p><ul><li style=\"font-weight: 400;\" aria-level=\"1\"><strong>Tarif normal : 20\u20ac \/ personne<\/strong><\/li><li style=\"font-weight: 400;\" aria-level=\"1\"><span style=\"font-weight: 400;\">Tarif r\u00e9duit : 10\u20ac \/ personne pour coll\u00e9giens, lyc\u00e9ens, \u00e9tudiants et demandeurs d\u2019emploi<\/span><\/li><li style=\"font-weight: 400;\" aria-level=\"1\"><span style=\"font-weight: 400;\">Gratuit pour les enfants (moins de 11 ans)<\/span><\/li><\/ul>\t\t\t\t\t\t\t\t<\/div>\n\t\t\t\t<\/div>\n\t\t\t\t<\/div>\n\t\t\t\t\t<\/div>\n\t\t\t\t<\/div>\n\t\t<div class=\"elementor-element elementor-element-fffd927 e-flex e-con-boxed e-con e-parent\" data-id=\"fffd927\" data-element_type=\"container\">\n\t\t\t\t\t<div class=\"e-con-inner\">\n\t\t<div class=\"elementor-element elementor-element-0cfc870 e-con-full e-flex e-con e-child\" data-id=\"0cfc870\" data-element_type=\"container\">\n\t\t\t\t<div class=\"elementor-element elementor-element-d7f1875 elementor-widget elementor-widget-heading\" data-id=\"d7f1875\" data-element_type=\"widget\" data-widget_type=\"heading.default\">\n\t\t\t\t<div class=\"elementor-widget-container\">\n\t\t\t\t\t<h2 class=\"elementor-heading-title elementor-size-default\">Comment adh\u00e9rer ?<\/h2>\t\t\t\t<\/div>\n\t\t\t\t<\/div>\n\t\t\t\t<div class=\"elementor-element elementor-element-09579b6 elementor-widget elementor-widget-text-editor\" data-id=\"09579b6\" data-element_type=\"widget\" data-widget_type=\"text-editor.default\">\n\t\t\t\t<div class=\"elementor-widget-container\">\n\t\t\t\t\t\t\t\t\t<p><span style=\"font-weight: 400;\">L\u2019adh\u00e9sion se fait sur la plateforme Helloasso, \u00e0 la page suivante\u00a0: <\/span><a href=\"https:\/\/www.helloasso.com\/associations\/association-des-japonais-a-montpellier\/adhesions\/adhesion-annuelle-2025-2026\" target=\"_blank\" rel=\"noopener\">Adh\u00e9sion \u00e0 l\u2019Association des Japonais \u00e0 Montpellier<\/a>.<\/p>\t\t\t\t\t\t\t\t<\/div>\n\t\t\t\t<\/div>\n\t\t<div class=\"elementor-element elementor-element-17eb9ac e-con-full e-flex e-con e-child\" data-id=\"17eb9ac\" data-element_type=\"container\">\n\t\t\t\t<div class=\"elementor-element elementor-element-4c8dc08 elementor-widget elementor-widget-image\" data-id=\"4c8dc08\" data-element_type=\"widget\" data-widget_type=\"image.default\">\n\t\t\t\t<div class=\"elementor-widget-container\">\n\t\t\t\t\t\t\t\t\t\t\t\t\t\t\t\t<a href=\"https:\/\/www.helloasso.com\/associations\/association-des-japonais-a-montpellier\/adhesions\/2024-2025\" target=\"_blank\" rel=\"noopener\">\n\t\t\t\t\t\t\t<img decoding=\"async\" width=\"450\" height=\"98\" src=\"https:\/\/www.japonaisamontpellier.fr\/wp-content\/uploads\/2024\/08\/helloasso.png\" class=\"attachment-large size-large wp-image-773\" alt=\"\" srcset=\"https:\/\/www.japonaisamontpellier.fr\/wp-content\/uploads\/2024\/08\/helloasso.png 450w, https:\/\/www.japonaisamontpellier.fr\/wp-content\/uploads\/2024\/08\/helloasso-300x65.png 300w\" sizes=\"(max-width: 450px) 100vw, 450px\" \/>\t\t\t\t\t\t\t\t<\/a>\n\t\t\t\t\t\t\t\t\t\t\t\t\t\t\t<\/div>\n\t\t\t\t<\/div>\n\t\t\t\t<\/div>\n\t\t\t\t<\/div>\n\t\t\t\t\t<\/div>\n\t\t\t\t<\/div>\n\t\t<div class=\"elementor-element elementor-element-0e1bc51 e-flex e-con-boxed e-con e-parent\" data-id=\"0e1bc51\" data-element_type=\"container\">\n\t\t\t\t\t<div class=\"e-con-inner\">\n\t\t<div class=\"elementor-element elementor-element-75c1f1c e-con-full e-flex e-con e-child\" data-id=\"75c1f1c\" data-element_type=\"container\">\n\t\t\t\t<div class=\"elementor-element elementor-element-017fbeb elementor-widget elementor-widget-text-editor\" data-id=\"017fbeb\" data-element_type=\"widget\" data-widget_type=\"text-editor.default\">\n\t\t\t\t<div class=\"elementor-widget-container\">\n\t\t\t\t\t\t\t\t\t<p><span style=\"font-weight: 400;\">Suivez les instructions affich\u00e9es sur les diff\u00e9rentes \u00e9tapes.\u00a0<\/span><\/p><p><span style=\"font-weight: 400;\">Notez qu\u2019\u00e0 l\u2019\u00e9tape du paiement, le montant total affich\u00e9 sera sup\u00e9rieur au montant de l\u2019adh\u00e9sion. En effet, le montant inclut par d\u00e9faut une contribution \u00e0 la plateforme Helloasso.\u00a0<\/span><\/p><p><span style=\"font-weight: 400;\">Ces contributions permettent \u00e0 Helloasso de mettre sa plateforme \u00e0 disposition des associations gratuitement. Si vous le souhaitez, vous pouvez choisir de personnaliser le montant de cette contribution en cliquant sur le lien Modifier (voir capture d\u2019\u00e9cran ci-dessous). <\/span><\/p>\t\t\t\t\t\t\t\t<\/div>\n\t\t\t\t<\/div>\n\t\t<div class=\"elementor-element elementor-element-acfa5f5 e-con-full e-flex e-con e-child\" data-id=\"acfa5f5\" data-element_type=\"container\">\n\t\t\t\t<div class=\"elementor-element elementor-element-5f76dcf elementor-widget elementor-widget-image\" data-id=\"5f76dcf\" data-element_type=\"widget\" data-widget_type=\"image.default\">\n\t\t\t\t<div class=\"elementor-widget-container\">\n\t\t\t\t\t\t\t\t\t\t\t\t\t\t\t<img decoding=\"async\" width=\"800\" height=\"714\" src=\"https:\/\/www.japonaisamontpellier.fr\/wp-content\/uploads\/2024\/09\/helloassoexplication.png\" class=\"attachment-large size-large wp-image-1391\" alt=\"explication helloasso\" srcset=\"https:\/\/www.japonaisamontpellier.fr\/wp-content\/uploads\/2024\/09\/helloassoexplication.png 869w, https:\/\/www.japonaisamontpellier.fr\/wp-content\/uploads\/2024\/09\/helloassoexplication-300x268.png 300w, https:\/\/www.japonaisamontpellier.fr\/wp-content\/uploads\/2024\/09\/helloassoexplication-768x686.png 768w\" sizes=\"(max-width: 800px) 100vw, 800px\" \/>\t\t\t\t\t\t\t\t\t\t\t\t\t\t\t<\/div>\n\t\t\t\t<\/div>\n\t\t\t\t<\/div>\n\t\t\t\t<div class=\"elementor-element elementor-element-8f5150a elementor-widget elementor-widget-text-editor\" data-id=\"8f5150a\" data-element_type=\"widget\" data-widget_type=\"text-editor.default\">\n\t\t\t\t<div class=\"elementor-widget-container\">\n\t\t\t\t\t\t\t\t\t<p><span style=\"font-weight: 400;\">Une fois votre inscription finalis\u00e9e sur le site de Helloasso, vous recevrez un email de confirmation. Vous pourrez \u00e9galement t\u00e9l\u00e9charger votre carte d\u2019adh\u00e9rent g\u00e9n\u00e9r\u00e9e automatiquement par Helloasso.\u00a0<\/span><\/p><p><span style=\"font-weight: 400;\">Pour toute question ou demande concernant les adh\u00e9sions, vous pouvez nous contacter via le <a href=\"https:\/\/www.japonaisamontpellier.fr\/index.php\/contact\/\" rel=\"noopener\">formulaire de contact<\/a>.<\/span><\/p><p>\u00a0<\/p>\t\t\t\t\t\t\t\t<\/div>\n\t\t\t\t<\/div>\n\t\t\t\t<\/div>\n\t\t\t\t\t<\/div>\n\t\t\t\t<\/div>\n\t\t<div class=\"elementor-element elementor-element-49e5a7ec e-flex e-con-boxed e-con e-parent\" data-id=\"49e5a7ec\" data-element_type=\"container\">\n\t\t\t\t\t<div class=\"e-con-inner\">\n\t\t<div class=\"elementor-element elementor-element-33a4fedc e-con-full e-flex e-con e-child\" data-id=\"33a4fedc\" data-element_type=\"container\">\n\t\t\t\t<div class=\"elementor-element elementor-element-37a82bbb elementor-widget elementor-widget-heading\" data-id=\"37a82bbb\" data-element_type=\"widget\" data-widget_type=\"heading.default\">\n\t\t\t\t<div class=\"elementor-widget-container\">\n\t\t\t\t\t<h2 class=\"elementor-heading-title elementor-size-default\">\u5165\u4f1a\u65b9\u6cd5 <\/h2>\t\t\t\t<\/div>\n\t\t\t\t<\/div>\n\t\t\t\t<div class=\"elementor-element elementor-element-459d12b1 elementor-widget elementor-widget-text-editor\" data-id=\"459d12b1\" data-element_type=\"widget\" data-widget_type=\"text-editor.default\">\n\t\t\t\t<div class=\"elementor-widget-container\">\n\t\t\t\t\t\t\t\t\t<p>\u203b\u65e5\u672c\u8a9e\u306e\u5165\u4f1a\u6848\u5185\u30da\u30fc\u30b8\u306f<a href=\"https:\/\/www.japonaisamontpellier.fr\/index.php\/adherer_jp\/\">\u3053\u3061\u3089<\/a><\/p><p>\u3054\u8cea\u554f\u3084\u304a\u554f\u3044\u5408\u308f\u305b\u306f<a href=\"https:\/\/www.japonaisamontpellier.fr\/index.php\/contact\/\">\u30b3\u30f3\u30bf\u30af\u30c8\u30d5\u30a9\u30fc\u30e0<\/a>\u304b\u3089\u304a\u6c17\u8efd\u306b\u3054\u9023\u7d61\u304f\u3060\u3055\u3044\uff01<\/p>\t\t\t\t\t\t\t\t<\/div>\n\t\t\t\t<\/div>\n\t\t\t\t<\/div>\n\t\t\t\t\t<\/div>\n\t\t\t\t<\/div>\n\t\t\t\t<\/div>\n\t\t","protected":false},"excerpt":{"rendered":"<p>Adh\u00e9rer \u00e0 notre association Pourquoi adh\u00e9rer ? Adh\u00e9rer \u00e0 notre association vous permet d&rsquo;acc\u00e9der aux groupes de discussion Whatsapp et\/ou LINE de notre communaut\u00e9 et participer aux \u00e9v\u00e9nements r\u00e9serv\u00e9s aux [&hellip;]<\/p>\n","protected":false},"author":1,"featured_media":0,"parent":0,"menu_order":0,"comment_status":"closed","ping_status":"closed","template":"","meta":{"_price":"","_stock":"","_tribe_ticket_header":"","_tribe_default_ticket_provider":"","_tribe_ticket_capacity":"0","_ticket_start_date":"","_ticket_end_date":"","_tribe_ticket_show_description":"","_tribe_ticket_show_not_going":false,"_tribe_ticket_use_global_stock":"","_tribe_ticket_global_stock_level":"","_global_stock_mode":"","_global_stock_cap":"","_tribe_rsvp_for_event":"","_tribe_ticket_going_count":"","_tribe_ticket_not_going_count":"","_tribe_tickets_list":"[]","_tribe_ticket_has_attendee_info_fields":false,"footnotes":"","_tec_slr_enabled":"","_tec_slr_layout":""},"class_list":["post-955","page","type-page","status-publish","hentry"],"ticketed":false,"_links":{"self":[{"href":"https:\/\/www.japonaisamontpellier.fr\/index.php\/wp-json\/wp\/v2\/pages\/955","targetHints":{"allow":["GET"]}}],"collection":[{"href":"https:\/\/www.japonaisamontpellier.fr\/index.php\/wp-json\/wp\/v2\/pages"}],"about":[{"href":"https:\/\/www.japonaisamontpellier.fr\/index.php\/wp-json\/wp\/v2\/types\/page"}],"author":[{"embeddable":true,"href":"https:\/\/www.japonaisamontpellier.fr\/index.php\/wp-json\/wp\/v2\/users\/1"}],"replies":[{"embeddable":true,"href":"https:\/\/www.japonaisamontpellier.fr\/index.php\/wp-json\/wp\/v2\/comments?post=955"}],"version-history":[{"count":175,"href":"https:\/\/www.japonaisamontpellier.fr\/index.php\/wp-json\/wp\/v2\/pages\/955\/revisions"}],"predecessor-version":[{"id":4038,"href":"https:\/\/www.japonaisamontpellier.fr\/index.php\/wp-json\/wp\/v2\/pages\/955\/revisions\/4038"}],"wp:attachment":[{"href":"https:\/\/www.japonaisamontpellier.fr\/index.php\/wp-json\/wp\/v2\/media?parent=955"}],"curies":[{"name":"wp","href":"https:\/\/api.w.org\/{rel}","templated":true}]}}