{"id":450,"date":"2024-09-03T00:17:39","date_gmt":"2024-09-02T22:17:39","guid":{"rendered":"http:\/\/localhost:8888\/japonMontpellier\/?page_id=450"},"modified":"2025-12-17T09:13:57","modified_gmt":"2025-12-17T08:13:57","slug":"evenements","status":"publish","type":"page","link":"https:\/\/www.japonaisamontpellier.fr\/index.php\/evenements\/","title":{"rendered":"\u00c9V\u00c8NEMENTS"},"content":{"rendered":"\t\t<div data-elementor-type=\"wp-page\" data-elementor-id=\"450\" class=\"elementor elementor-450\" data-elementor-post-type=\"page\">\n\t\t\t\t<div class=\"elementor-element elementor-element-59c1ec2 e-flex e-con-boxed e-con e-parent\" data-id=\"59c1ec2\" data-element_type=\"container\">\n\t\t\t\t\t<div class=\"e-con-inner\">\n\t\t<div class=\"elementor-element elementor-element-02493fc e-con-full e-flex e-con e-child\" data-id=\"02493fc\" data-element_type=\"container\">\n\t\t\t\t<div class=\"elementor-element elementor-element-2c27ce7 elementor-widget elementor-widget-heading\" data-id=\"2c27ce7\" data-element_type=\"widget\" data-widget_type=\"heading.default\">\n\t\t\t\t<div class=\"elementor-widget-container\">\n\t\t\t\t\t<h1 class=\"elementor-heading-title elementor-size-default\">Nos \u00e9v\u00e8nements<\/h1>\t\t\t\t<\/div>\n\t\t\t\t<\/div>\n\t\t\t\t<\/div>\n\t\t\t\t\t<\/div>\n\t\t\t\t<\/div>\n\t\t<div class=\"elementor-element elementor-element-e77af8a e-flex e-con-boxed e-con e-parent\" data-id=\"e77af8a\" data-element_type=\"container\">\n\t\t\t\t\t<div class=\"e-con-inner\">\n\t\t\t\t<div class=\"elementor-element elementor-element-8219a54 elementor-widget elementor-widget-the-events-calendar-addon\" data-id=\"8219a54\" data-element_type=\"widget\" data-widget_type=\"the-events-calendar-addon.default\">\n\t\t\t\t<div class=\"elementor-widget-container\">\n\t\t\t\t\t<!=========Events list Template 1.6.20=========><script type=\"application\/ld+json\">\r\n[{\"@context\":\"http:\/\/schema.org\",\"@type\":\"Event\",\"name\":\"Salon de discussion avril 2026 &#8211; \\u00c9dition pique-nique &#8211;\",\"description\":\"&lt;p&gt;Venez rencontrer notre communaut\\u00e9 ! Pique-Nique g\\u00e9ant avec tous les membres de l\\\\'association !&lt;\/p&gt;\\\\n\",\"image\":\"https:\/\/www.japonaisamontpellier.fr\/wp-content\/uploads\/2025\/03\/1.png\",\"url\":\"https:\/\/www.japonaisamontpellier.fr\/index.php\/event\/salonavril2026\/\",\"eventAttendanceMode\":\"https:\/\/schema.org\/OfflineEventAttendanceMode\",\"eventStatus\":\"https:\/\/schema.org\/EventScheduled\",\"startDate\":\"2026-04-12T15:00:00+02:00\",\"endDate\":\"2026-04-12T17:00:00+02:00\",\"location\":{\"@type\":\"Place\",\"name\":\"Esplanade Charle de Gaulle\",\"description\":\"\",\"url\":\"\",\"address\":{\"@type\":\"PostalAddress\"},\"telephone\":\"\",\"sameAs\":\"\"},\"performer\":\"Organization\"},{\"@context\":\"http:\/\/schema.org\",\"@type\":\"Event\",\"name\":\"Vitalit\\u00e9 \\u2013 Rencontre d\\u2019Artistes de la Culture Japonaise\",\"description\":\"&lt;p&gt;Ev\\u00e9nement GRATUIT et ouvert \\u00e0 tous ! Festival d\\u00e9di\\u00e9 \\u00e0 la culture et aux arts japonais : venez c\\u00e9l\\u00e9brer le printemps avec nous :)&lt;\/p&gt;\\\\n\",\"image\":\"https:\/\/www.japonaisamontpellier.fr\/wp-content\/uploads\/2026\/03\/33.webp\",\"url\":\"https:\/\/www.japonaisamontpellier.fr\/index.php\/event\/vitalite-2026\/\",\"eventAttendanceMode\":\"https:\/\/schema.org\/OfflineEventAttendanceMode\",\"eventStatus\":\"https:\/\/schema.org\/EventScheduled\",\"startDate\":\"2026-05-23T11:00:00+02:00\",\"endDate\":\"2026-05-23T17:00:00+02:00\",\"location\":{\"@type\":\"Place\",\"name\":\"Maison des Relations internationales\",\"description\":\"\",\"url\":\"\",\"address\":{\"@type\":\"PostalAddress\",\"streetAddress\":\"14 dsc en barrat\",\"addressLocality\":\"Montpellier\",\"postalCode\":\"34000\",\"addressCountry\":\"France\"},\"telephone\":\"\",\"sameAs\":\"\"},\"performer\":\"Organization\"}]\r\n<\/script><div id=\"ectbe-wrapper-8219a54\" class=\"ectbe-wrapper ectbe-list-wrapper style-2\"><div class=\"ectbe-month-header ectbe-simple-event\">avril 2026<\/div><div id=\"event-3795\" class=\"ectbe-inner-wrapper ectbe-simple-event\"><div id=\"ectbe-date\" class=\"ectbe-date-area\">\n\t\t\t\t\t\t<span class=\"ectbe-ev-mo\">Avr<\/span>\n\t\t\t\t\t\t<span class=\"ectbe-ev-day\">12<\/span>\n\t\t\t\t\t<\/div><div class=\"ectbe-content-box\"><div class=\"ectbe-date-area\">\n\t\t<span class=\"ectbe-ev-day\">12<\/span>\n\t\t<span class=\"ectbe-ev-mo\">avril<\/span>\n\t\t<span class=\"ectbe-ev-yr\">2026<\/span><\/div><div class=\"ectbe-evt-title\"><a class=\"ectbe-evt-url\" href=\"https:\/\/www.japonaisamontpellier.fr\/index.php\/event\/salonavril2026\/\">Salon de discussion avril 2026 - \u00c9dition pique-nique -<\/a><\/div><div class=\"ectbe-evt-venue\"><span class=\"ectbe-icon\"><i class=\"ectbe-icon-location\" aria-hidden=\"true\"><\/i><\/span>\n\t\t\t\t\t\t<span class=\"ectbe-venue-details ectbe-address\">Esplanade Charle de Gaulle,<span class=\"tribe-address\">\n\n\n\n\n\n\n<\/span>\n<\/span><\/div><div class=\"ectbe-evt-description\"><p>Venez rencontrer notre communaut\u00e9 ! Pique-Nique g\u00e9ant avec tous les membres de l'association !<\/p>\n<\/div><div class=\"ectbe-evt-more-box\"><a class=\"ectbe-evt-read-more\" href=\"https:\/\/www.japonaisamontpellier.fr\/index.php\/event\/salonavril2026\/\">En savoir plus<\/a><\/div><\/div><div class=\"ectbe-evt-img\"><img decoding=\"async\" src=\"https:\/\/www.japonaisamontpellier.fr\/wp-content\/uploads\/2025\/03\/1-1024x1024.png\" alt=\"\" \/><\/div><\/div><div class=\"ectbe-month-header ectbe-simple-event\">mai 2026<\/div><div id=\"event-2786\" class=\"ectbe-inner-wrapper ectbe-simple-event\"><div id=\"ectbe-date\" class=\"ectbe-date-area\">\n\t\t\t\t\t\t<span class=\"ectbe-ev-mo\">Mai<\/span>\n\t\t\t\t\t\t<span class=\"ectbe-ev-day\">23<\/span>\n\t\t\t\t\t<\/div><div class=\"ectbe-content-box\"><div class=\"ectbe-date-area\">\n\t\t<span class=\"ectbe-ev-day\">23<\/span>\n\t\t<span class=\"ectbe-ev-mo\">mai<\/span>\n\t\t<span class=\"ectbe-ev-yr\">2026<\/span><\/div><div class=\"ectbe-evt-title\"><a class=\"ectbe-evt-url\" href=\"https:\/\/www.japonaisamontpellier.fr\/index.php\/event\/vitalite-2026\/\">Vitalit\u00e9 \u2013 Rencontre d\u2019Artistes de la Culture Japonaise<\/a><\/div><div class=\"ectbe-evt-venue\"><span class=\"ectbe-icon\"><i class=\"ectbe-icon-location\" aria-hidden=\"true\"><\/i><\/span>\n\t\t\t\t\t\t<span class=\"ectbe-venue-details ectbe-address\">Maison des Relations internationales,<span class=\"tribe-address\">\n\n<span class=\"tribe-street-address\">14 dsc en barrat<\/span>\n\t\n\t\t<br>\n\t\t<span class=\"tribe-locality\">Montpellier<\/span><span class=\"tribe-delimiter\">,<\/span>\n\n\n\t<span class=\"tribe-postal-code\">34000<\/span>\n\n\t<span class=\"tribe-country-name\">France<\/span>\n\n<\/span>\n<\/span><\/div><div class=\"ectbe-evt-description\"><p>Ev\u00e9nement GRATUIT et ouvert \u00e0 tous ! Festival d\u00e9di\u00e9 \u00e0 la culture et aux arts japonais : venez c\u00e9l\u00e9brer le printemps avec nous \ud83d\ude42<\/p>\n<\/div><div class=\"ectbe-evt-more-box\"><a class=\"ectbe-evt-read-more\" href=\"https:\/\/www.japonaisamontpellier.fr\/index.php\/event\/vitalite-2026\/\">En savoir plus<\/a><\/div><\/div><div class=\"ectbe-evt-img\"><img decoding=\"async\" src=\"https:\/\/www.japonaisamontpellier.fr\/wp-content\/uploads\/2026\/03\/33-1024x1024.webp\" alt=\"\" \/><\/div><\/div><\/div>\t\t\t\t<\/div>\n\t\t\t\t<\/div>\n\t\t\t\t\t<\/div>\n\t\t\t\t<\/div>\n\t\t\t\t<\/div>\n\t\t","protected":false},"excerpt":{"rendered":"<p>Nos \u00e9v\u00e8nements janvier 2026 Jan 23 23 janvier 2026Rencontre ap\u00e9ro franco-japonais 2026 Brasserie Le D\u00f4me, 2 avenue Georges Cl\u00e9menceau Montpellier, 34000 France Venez rencontrer notre communaut\u00e9 ! Ap\u00e9ro g\u00e9ant avec [&hellip;]<\/p>\n","protected":false},"author":1,"featured_media":0,"parent":0,"menu_order":0,"comment_status":"closed","ping_status":"closed","template":"","meta":{"_price":"","_stock":"","_tribe_ticket_header":"","_tribe_default_ticket_provider":"","_tribe_ticket_capacity":"0","_ticket_start_date":"","_ticket_end_date":"","_tribe_ticket_show_description":"","_tribe_ticket_show_not_going":false,"_tribe_ticket_use_global_stock":"","_tribe_ticket_global_stock_level":"","_global_stock_mode":"","_global_stock_cap":"","_tribe_rsvp_for_event":"","_tribe_ticket_going_count":"","_tribe_ticket_not_going_count":"","_tribe_tickets_list":"[]","_tribe_ticket_has_attendee_info_fields":false,"footnotes":"","_tec_slr_enabled":"","_tec_slr_layout":""},"class_list":["post-450","page","type-page","status-publish","hentry"],"ticketed":false,"_links":{"self":[{"href":"https:\/\/www.japonaisamontpellier.fr\/index.php\/wp-json\/wp\/v2\/pages\/450","targetHints":{"allow":["GET"]}}],"collection":[{"href":"https:\/\/www.japonaisamontpellier.fr\/index.php\/wp-json\/wp\/v2\/pages"}],"about":[{"href":"https:\/\/www.japonaisamontpellier.fr\/index.php\/wp-json\/wp\/v2\/types\/page"}],"author":[{"embeddable":true,"href":"https:\/\/www.japonaisamontpellier.fr\/index.php\/wp-json\/wp\/v2\/users\/1"}],"replies":[{"embeddable":true,"href":"https:\/\/www.japonaisamontpellier.fr\/index.php\/wp-json\/wp\/v2\/comments?post=450"}],"version-history":[{"count":35,"href":"https:\/\/www.japonaisamontpellier.fr\/index.php\/wp-json\/wp\/v2\/pages\/450\/revisions"}],"predecessor-version":[{"id":4205,"href":"https:\/\/www.japonaisamontpellier.fr\/index.php\/wp-json\/wp\/v2\/pages\/450\/revisions\/4205"}],"wp:attachment":[{"href":"https:\/\/www.japonaisamontpellier.fr\/index.php\/wp-json\/wp\/v2\/media?parent=450"}],"curies":[{"name":"wp","href":"https:\/\/api.w.org\/{rel}","templated":true}]}}