{"id":3261,"date":"2025-01-28T20:57:59","date_gmt":"2025-01-28T19:57:59","guid":{"rendered":"https:\/\/www.japonaisamontpellier.fr\/?page_id=3261"},"modified":"2025-01-28T20:58:39","modified_gmt":"2025-01-28T19:58:39","slug":"evenements_jp","status":"publish","type":"page","link":"https:\/\/www.japonaisamontpellier.fr\/index.php\/evenements_jp\/","title":{"rendered":"\u30a4\u30d9\u30f3\u30c8"},"content":{"rendered":"\t\t<div data-elementor-type=\"wp-page\" data-elementor-id=\"3261\" class=\"elementor elementor-3261\" data-elementor-post-type=\"page\">\n\t\t\t\t<div class=\"elementor-element elementor-element-59c1ec2 e-flex e-con-boxed e-con e-parent\" data-id=\"59c1ec2\" data-element_type=\"container\">\n\t\t\t\t\t<div class=\"e-con-inner\">\n\t\t<div class=\"elementor-element elementor-element-02493fc e-con-full e-flex e-con e-child\" data-id=\"02493fc\" data-element_type=\"container\">\n\t\t\t\t<div class=\"elementor-element elementor-element-2c27ce7 elementor-widget elementor-widget-heading\" data-id=\"2c27ce7\" data-element_type=\"widget\" data-widget_type=\"heading.default\">\n\t\t\t\t<div class=\"elementor-widget-container\">\n\t\t\t\t\t<h1 class=\"elementor-heading-title elementor-size-default\"><b>\u30a4\u30d9\u30f3\u30c8<\/b><\/h1>\t\t\t\t<\/div>\n\t\t\t\t<\/div>\n\t\t\t\t<\/div>\n\t\t\t\t\t<\/div>\n\t\t\t\t<\/div>\n\t\t<div class=\"elementor-element elementor-element-e77af8a e-flex e-con-boxed e-con e-parent\" data-id=\"e77af8a\" data-element_type=\"container\">\n\t\t\t\t\t<div class=\"e-con-inner\">\n\t\t\t\t<div class=\"elementor-element elementor-element-8219a54 elementor-widget elementor-widget-the-events-calendar-addon\" data-id=\"8219a54\" data-element_type=\"widget\" data-widget_type=\"the-events-calendar-addon.default\">\n\t\t\t\t<div class=\"elementor-widget-container\">\n\t\t\t\t\t<!=========Events list Template 1.6.20=========><script type=\"application\/ld+json\">\r\n[{\"@context\":\"http:\/\/schema.org\",\"@type\":\"Event\",\"name\":\"Poubelle la Ville mai 2026\",\"description\":\"&lt;p&gt;Prochaine \\u00e9dition de notre \\u00e9v\\u00e9nement mensuel de ramassage de d\\u00e9chets&lt;\/p&gt;\\\\n\",\"image\":\"https:\/\/www.japonaisamontpellier.fr\/wp-content\/uploads\/2026\/04\/Insta-\\u30b4\\u30df\\u62fe\\u3044.jpg\",\"url\":\"https:\/\/www.japonaisamontpellier.fr\/index.php\/event\/poubelle-la-ville-mai-2026\/\",\"eventAttendanceMode\":\"https:\/\/schema.org\/OfflineEventAttendanceMode\",\"eventStatus\":\"https:\/\/schema.org\/EventScheduled\",\"startDate\":\"2026-05-17T15:00:00+02:00\",\"endDate\":\"2026-05-17T16:00:00+02:00\",\"location\":{\"@type\":\"Place\",\"name\":\"Op\\u00e9ra Com\\u00e9die\",\"description\":\"\",\"url\":\"\",\"address\":{\"@type\":\"PostalAddress\",\"streetAddress\":\"Place de la com\\u00e9die\",\"addressLocality\":\"Montpellier\",\"postalCode\":\"34000\",\"addressCountry\":\"France\"},\"telephone\":\"\",\"sameAs\":\"\"},\"performer\":\"Organization\"},{\"@context\":\"http:\/\/schema.org\",\"@type\":\"Event\",\"name\":\"\\u9818\\u4e8b\\u51fa\\u5f35\\u30b5\\u30fc\\u30d3\\u30b9\",\"description\":\"&lt;p&gt;\\u9818\\u4e8b\\u51fa\\u5f35\\u30b5\\u30fc\\u30d3\\u30b9\\u306e\\u5b9f\\u65bd\\u4e88\\u5b9a\\u306b\\u3064\\u3044\\u3066\\u304a\\u77e5\\u3089\\u305b&lt;\/p&gt;\\\\n\",\"image\":\"https:\/\/www.japonaisamontpellier.fr\/wp-content\/uploads\/2026\/04\/\\u9818\\u4e8b\\u51fa\\u5f35\\u30b5\\u30fc\\u30d3\\u30b9\\uff11.jpg\",\"url\":\"https:\/\/www.japonaisamontpellier.fr\/index.php\/event\/consulat\/\",\"eventAttendanceMode\":\"https:\/\/schema.org\/OfflineEventAttendanceMode\",\"eventStatus\":\"https:\/\/schema.org\/EventScheduled\",\"startDate\":\"2026-05-20T13:45:00+02:00\",\"endDate\":\"2026-05-20T17:00:00+02:00\",\"location\":{\"@type\":\"Place\",\"name\":\"Maison des Relations internationales\",\"description\":\"\",\"url\":\"\",\"address\":{\"@type\":\"PostalAddress\",\"streetAddress\":\"14 dsc en barrat\",\"addressLocality\":\"Montpellier\",\"postalCode\":\"34000\",\"addressCountry\":\"France\"},\"telephone\":\"\",\"sameAs\":\"\"},\"performer\":\"Organization\"},{\"@context\":\"http:\/\/schema.org\",\"@type\":\"Event\",\"name\":\"Vitalit\\u00e9 \\u2013 Rencontre d\\u2019Artistes de la Culture Japonaise\",\"description\":\"&lt;p&gt;Ev\\u00e9nement GRATUIT et ouvert \\u00e0 tous ! Festival d\\u00e9di\\u00e9 \\u00e0 la culture et aux arts japonais : venez c\\u00e9l\\u00e9brer le printemps avec nous :)&lt;\/p&gt;\\\\n\",\"image\":\"https:\/\/www.japonaisamontpellier.fr\/wp-content\/uploads\/2026\/03\/33.webp\",\"url\":\"https:\/\/www.japonaisamontpellier.fr\/index.php\/event\/vitalite-2026\/\",\"eventAttendanceMode\":\"https:\/\/schema.org\/OfflineEventAttendanceMode\",\"eventStatus\":\"https:\/\/schema.org\/EventScheduled\",\"startDate\":\"2026-05-23T11:00:00+02:00\",\"endDate\":\"2026-05-23T17:00:00+02:00\",\"location\":{\"@type\":\"Place\",\"name\":\"Maison des Relations internationales\",\"description\":\"\",\"url\":\"\",\"address\":{\"@type\":\"PostalAddress\",\"streetAddress\":\"14 dsc en barrat\",\"addressLocality\":\"Montpellier\",\"postalCode\":\"34000\",\"addressCountry\":\"France\"},\"telephone\":\"\",\"sameAs\":\"\"},\"performer\":\"Organization\"}]\r\n<\/script><div id=\"ectbe-wrapper-8219a54\" class=\"ectbe-wrapper ectbe-list-wrapper style-2\"><div class=\"ectbe-month-header ectbe-simple-event\">mai 2026<\/div><div id=\"event-4472\" class=\"ectbe-inner-wrapper ectbe-simple-event\"><div id=\"ectbe-date\" class=\"ectbe-date-area\">\n\t\t\t\t\t\t<span class=\"ectbe-ev-mo\">Mai<\/span>\n\t\t\t\t\t\t<span class=\"ectbe-ev-day\">17<\/span>\n\t\t\t\t\t<\/div><div class=\"ectbe-content-box\"><div class=\"ectbe-date-area\">\n\t\t<span class=\"ectbe-ev-day\">17<\/span>\n\t\t<span class=\"ectbe-ev-mo\">mai<\/span>\n\t\t<span class=\"ectbe-ev-yr\">2026<\/span><\/div><div class=\"ectbe-evt-title\"><a class=\"ectbe-evt-url\" href=\"https:\/\/www.japonaisamontpellier.fr\/index.php\/event\/poubelle-la-ville-mai-2026\/\">Poubelle la Ville mai 2026<\/a><\/div><div class=\"ectbe-evt-venue\"><span class=\"ectbe-icon\"><i class=\"ectbe-icon-location\" aria-hidden=\"true\"><\/i><\/span>\n\t\t\t\t\t\t<span class=\"ectbe-venue-details ectbe-address\">Op\u00e9ra Com\u00e9die,<span class=\"tribe-address\">\n\n<span class=\"tribe-street-address\">Place de la com\u00e9die<\/span>\n\t\n\t\t<br>\n\t\t<span class=\"tribe-locality\">Montpellier<\/span><span class=\"tribe-delimiter\">,<\/span>\n\n\n\t<span class=\"tribe-postal-code\">34000<\/span>\n\n\t<span class=\"tribe-country-name\">France<\/span>\n\n<\/span>\n<\/span><\/div><div class=\"ectbe-evt-description\"><p>Prochaine \u00e9dition de notre \u00e9v\u00e9nement mensuel de ramassage de d\u00e9chets<\/p>\n<\/div><div class=\"ectbe-evt-more-box\"><a class=\"ectbe-evt-read-more\" href=\"https:\/\/www.japonaisamontpellier.fr\/index.php\/event\/poubelle-la-ville-mai-2026\/\">En savoir plus<\/a><\/div><\/div><div class=\"ectbe-evt-img\"><img decoding=\"async\" src=\"https:\/\/www.japonaisamontpellier.fr\/wp-content\/uploads\/2026\/04\/Insta-\u30b4\u30df\u62fe\u3044-1024x1024.jpg\" alt=\"\" \/><\/div><\/div><div id=\"event-3183\" class=\"ectbe-inner-wrapper ectbe-simple-event\"><div id=\"ectbe-date\" class=\"ectbe-date-area\">\n\t\t\t\t\t\t<span class=\"ectbe-ev-mo\">Mai<\/span>\n\t\t\t\t\t\t<span class=\"ectbe-ev-day\">20<\/span>\n\t\t\t\t\t<\/div><div class=\"ectbe-content-box\"><div class=\"ectbe-date-area\">\n\t\t<span class=\"ectbe-ev-day\">20<\/span>\n\t\t<span class=\"ectbe-ev-mo\">mai<\/span>\n\t\t<span class=\"ectbe-ev-yr\">2026<\/span><\/div><div class=\"ectbe-evt-title\"><a class=\"ectbe-evt-url\" href=\"https:\/\/www.japonaisamontpellier.fr\/index.php\/event\/consulat\/\">\u9818\u4e8b\u51fa\u5f35\u30b5\u30fc\u30d3\u30b9<\/a><\/div><div class=\"ectbe-evt-venue\"><span class=\"ectbe-icon\"><i class=\"ectbe-icon-location\" aria-hidden=\"true\"><\/i><\/span>\n\t\t\t\t\t\t<span class=\"ectbe-venue-details ectbe-address\">Maison des Relations internationales,<span class=\"tribe-address\">\n\n<span class=\"tribe-street-address\">14 dsc en barrat<\/span>\n\t\n\t\t<br>\n\t\t<span class=\"tribe-locality\">Montpellier<\/span><span class=\"tribe-delimiter\">,<\/span>\n\n\n\t<span class=\"tribe-postal-code\">34000<\/span>\n\n\t<span class=\"tribe-country-name\">France<\/span>\n\n<\/span>\n<\/span><\/div><div class=\"ectbe-evt-description\"><p>\u9818\u4e8b\u51fa\u5f35\u30b5\u30fc\u30d3\u30b9\u306e\u5b9f\u65bd\u4e88\u5b9a\u306b\u3064\u3044\u3066\u304a\u77e5\u3089\u305b<\/p>\n<\/div><div class=\"ectbe-evt-more-box\"><a class=\"ectbe-evt-read-more\" href=\"https:\/\/www.japonaisamontpellier.fr\/index.php\/event\/consulat\/\">En savoir plus<\/a><\/div><\/div><div class=\"ectbe-evt-img\"><img decoding=\"async\" src=\"https:\/\/www.japonaisamontpellier.fr\/wp-content\/uploads\/2026\/04\/\u9818\u4e8b\u51fa\u5f35\u30b5\u30fc\u30d3\u30b9\uff11-1024x1024.jpg\" alt=\"\" \/><\/div><\/div><div id=\"event-2786\" class=\"ectbe-inner-wrapper ectbe-simple-event\"><div id=\"ectbe-date\" class=\"ectbe-date-area\">\n\t\t\t\t\t\t<span class=\"ectbe-ev-mo\">Mai<\/span>\n\t\t\t\t\t\t<span class=\"ectbe-ev-day\">23<\/span>\n\t\t\t\t\t<\/div><div class=\"ectbe-content-box\"><div class=\"ectbe-date-area\">\n\t\t<span class=\"ectbe-ev-day\">23<\/span>\n\t\t<span class=\"ectbe-ev-mo\">mai<\/span>\n\t\t<span class=\"ectbe-ev-yr\">2026<\/span><\/div><div class=\"ectbe-evt-title\"><a class=\"ectbe-evt-url\" href=\"https:\/\/www.japonaisamontpellier.fr\/index.php\/event\/vitalite-2026\/\">Vitalit\u00e9 \u2013 Rencontre d\u2019Artistes de la Culture Japonaise<\/a><\/div><div class=\"ectbe-evt-venue\"><span class=\"ectbe-icon\"><i class=\"ectbe-icon-location\" aria-hidden=\"true\"><\/i><\/span>\n\t\t\t\t\t\t<span class=\"ectbe-venue-details ectbe-address\">Maison des Relations internationales,<span class=\"tribe-address\">\n\n<span class=\"tribe-street-address\">14 dsc en barrat<\/span>\n\t\n\t\t<br>\n\t\t<span class=\"tribe-locality\">Montpellier<\/span><span class=\"tribe-delimiter\">,<\/span>\n\n\n\t<span class=\"tribe-postal-code\">34000<\/span>\n\n\t<span class=\"tribe-country-name\">France<\/span>\n\n<\/span>\n<\/span><\/div><div class=\"ectbe-evt-description\"><p>Ev\u00e9nement GRATUIT et ouvert \u00e0 tous ! Festival d\u00e9di\u00e9 \u00e0 la culture et aux arts japonais : venez c\u00e9l\u00e9brer le printemps avec nous \ud83d\ude42<\/p>\n<\/div><div class=\"ectbe-evt-more-box\"><a class=\"ectbe-evt-read-more\" href=\"https:\/\/www.japonaisamontpellier.fr\/index.php\/event\/vitalite-2026\/\">En savoir plus<\/a><\/div><\/div><div class=\"ectbe-evt-img\"><img decoding=\"async\" src=\"https:\/\/www.japonaisamontpellier.fr\/wp-content\/uploads\/2026\/03\/33-1024x1024.webp\" alt=\"\" \/><\/div><\/div><\/div>\t\t\t\t<\/div>\n\t\t\t\t<\/div>\n\t\t\t\t\t<\/div>\n\t\t\t\t<\/div>\n\t\t\t\t<\/div>\n\t\t","protected":false},"excerpt":{"rendered":"<p>\u30a4\u30d9\u30f3\u30c8 janvier 2025 Jan 28 28 janvier 2025Salon de discussion janvier 2025 Espace Martin Luther King, 27 boulevard Louis Blanc Montpellier, 34000 France Prochaine \u00e9dition de notre \u00e9v\u00e9nement mensuel de [&hellip;]<\/p>\n","protected":false},"author":1,"featured_media":0,"parent":0,"menu_order":0,"comment_status":"closed","ping_status":"closed","template":"","meta":{"_price":"","_stock":"","_tribe_ticket_header":"","_tribe_default_ticket_provider":"","_tribe_ticket_capacity":"0","_ticket_start_date":"","_ticket_end_date":"","_tribe_ticket_show_description":"","_tribe_ticket_show_not_going":false,"_tribe_ticket_use_global_stock":"","_tribe_ticket_global_stock_level":"","_global_stock_mode":"","_global_stock_cap":"","_tribe_rsvp_for_event":"","_tribe_ticket_going_count":"","_tribe_ticket_not_going_count":"","_tribe_tickets_list":"[]","_tribe_ticket_has_attendee_info_fields":false,"footnotes":"","_tec_slr_enabled":"","_tec_slr_layout":""},"class_list":["post-3261","page","type-page","status-publish","hentry"],"ticketed":false,"_links":{"self":[{"href":"https:\/\/www.japonaisamontpellier.fr\/index.php\/wp-json\/wp\/v2\/pages\/3261","targetHints":{"allow":["GET"]}}],"collection":[{"href":"https:\/\/www.japonaisamontpellier.fr\/index.php\/wp-json\/wp\/v2\/pages"}],"about":[{"href":"https:\/\/www.japonaisamontpellier.fr\/index.php\/wp-json\/wp\/v2\/types\/page"}],"author":[{"embeddable":true,"href":"https:\/\/www.japonaisamontpellier.fr\/index.php\/wp-json\/wp\/v2\/users\/1"}],"replies":[{"embeddable":true,"href":"https:\/\/www.japonaisamontpellier.fr\/index.php\/wp-json\/wp\/v2\/comments?post=3261"}],"version-history":[{"count":5,"href":"https:\/\/www.japonaisamontpellier.fr\/index.php\/wp-json\/wp\/v2\/pages\/3261\/revisions"}],"predecessor-version":[{"id":3410,"href":"https:\/\/www.japonaisamontpellier.fr\/index.php\/wp-json\/wp\/v2\/pages\/3261\/revisions\/3410"}],"wp:attachment":[{"href":"https:\/\/www.japonaisamontpellier.fr\/index.php\/wp-json\/wp\/v2\/media?parent=3261"}],"curies":[{"name":"wp","href":"https:\/\/api.w.org\/{rel}","templated":true}]}}